{"id":99,"date":"2019-05-22T11:00:53","date_gmt":"2019-05-22T11:00:53","guid":{"rendered":"http:\/\/pickup-on-tour.de\/?page_id=99"},"modified":"2020-03-05T17:42:28","modified_gmt":"2020-03-05T16:42:28","slug":"home","status":"publish","type":"page","link":"https:\/\/pickup-on-tour.de\/","title":{"rendered":"Start"},"content":{"rendered":"<section class=\"av_textblock_section \"  itemscope=\"itemscope\" itemtype=\"https:\/\/schema.org\/CreativeWork\" ><div class='avia_textblock  av_inherit_color '  style='color:#dbbaa3; '  itemprop=\"text\" ><h1><\/h1>\n<h1 style=\"text-align: left;\"><span style=\"color: #dbbaa3;\">Pickup on Tour<\/span><\/h1>\n<h4 style=\"text-align: left;\"><span style=\"color: #dbbaa3;\">Amarok Tauchen Reisen<\/span><\/h4>\n<\/div><\/section>\n<div  style=' margin-top:400px; margin-bottom:70px;'  class='hr hr-custom hr-center hr-icon-yes   avia-builder-el-1  el_after_av_textblock  el_before_av_textblock '><span class='hr-inner   inner-border-av-border-fat' style=' width:80px; border-color:#dbbaa3;' ><span class='hr-inner-style'><\/span><\/span><span class='av-seperator-icon' style='color:#ffffff;' aria-hidden='true' data-av_icon='\ue87b' data-av_iconfont='entypo-fontello'><\/span><span class='hr-inner   inner-border-av-border-fat' style=' width:80px; border-color:#dbbaa3;' ><span class='hr-inner-style'><\/span><\/span><\/div>\n<section class=\"av_textblock_section \"  itemscope=\"itemscope\" itemtype=\"https:\/\/schema.org\/CreativeWork\" ><div class='avia_textblock  av_inherit_color  av-medium-font-size-overwrite av-medium-font-size-20 av-small-font-size-overwrite av-small-font-size-20 av-mini-font-size-overwrite av-mini-font-size-20'  style='font-size:20px; color:#000000; '  itemprop=\"text\" ><h3 style=\"text-align: center;\"><span style=\"color: #000000;\"><strong>Hallo Pickup-, Tauch- und Reisefreunde,<\/strong><\/span><\/h3>\n<p style=\"text-align: center;\"><span style=\"color: #000000;\">auf den Seiten dieses Internet-Auftritts biete ich euch einen Einblick in meine Interessen und Leidenschaften.<\/span><\/p>\n<p style=\"text-align: center;\"><span style=\"color: #000000;\">Seit einigen Jahren bin ich mit meinem Amarok, h\u00e4ufig gekoppelt mit meinem Camping-Trailer Nanuk unterwegs. Kurze Berichte und Fotos dieser Touren und Urlaube findet ihr unter <strong>Pickup on Tour<\/strong>.<\/span><\/p>\n<p style=\"text-align: center;\"><span style=\"color: #000000;\">Meine Lebensleidenschaft ist das Tauchen. Zahlreiche Tauchg\u00e4nge im Urlaub und in heimischen Gew\u00e4ssern haben zu beeindruckenden Erlebnisse gef\u00fchrt. Unter <strong>Tauchen<\/strong>\u00a0findet ihr ausgew\u00e4hlte tauchtheoretische Informationen.<\/span><\/p>\n<p style=\"text-align: center;\"><span style=\"color: #000000;\">Eine Auswahl meiner Reiseaktivit\u00e4ten, z.B. zu tropischen Tauchzielen oder in die Serengeti k\u00f6nnt ihr in Wort und Bild unter <strong>Reisen\u00a0<\/strong>finden.<\/span><\/p>\n<p style=\"text-align: center;\"><span style=\"color: #000000;\">Ich freue mich, dass ihr meine Seiten erkundet und w\u00fcnsche euch viel Vergn\u00fcgen.<\/span><\/p>\n<\/div><\/section>\n<div  style=' margin-top:20px; margin-bottom:30px;'  class='hr hr-custom hr-center hr-icon-yes   avia-builder-el-3  el_after_av_textblock  el_before_av_one_third '><span class='hr-inner   inner-border-av-border-fat' style=' width:80px; border-color:#dbbaa3;' ><span class='hr-inner-style'><\/span><\/span><span class='av-seperator-icon' style='color:#ffffff;' aria-hidden='true' data-av_icon='\ue87b' data-av_iconfont='entypo-fontello'><\/span><span class='hr-inner   inner-border-av-border-fat' style=' width:80px; border-color:#dbbaa3;' ><span class='hr-inner-style'><\/span><\/span><\/div>\n<div class='flex_column_table av-equal-height-column-flextable -flextable' ><div class=\"flex_column av_one_third  flex_column_table_cell av-equal-height-column av-align-top av-zero-column-padding first  avia-builder-el-4  el_after_av_hr  el_before_av_one_third  \" style='border-radius:0px; '><div  class='avia-image-container  av-styling-  noHover  av-overlay-hover-deactivate   avia-builder-el-5  avia-builder-el-no-sibling  avia-align-center '  itemprop=\"image\" itemscope=\"itemscope\" itemtype=\"https:\/\/schema.org\/ImageObject\"  ><div class='avia-image-container-inner'><div class='avia-image-overlay-wrap'><a href='https:\/\/pickup-on-tour.de\/?page_id=810' class='avia_image'  ><div class='av-image-caption-overlay'><div class='av-caption-image-overlay-bg' style='opacity:0.1; background-color:#000000; '><\/div><div class='av-image-caption-overlay-position'><div class='av-image-caption-overlay-center' style='color:#ffffff; '><p>Pickup on Tour<\/p>\n<\/div><\/div><\/div><img class='avia_image ' src='https:\/\/pickup-on-tour.de\/wp-content\/uploads\/2019\/07\/EF59D61F-32EC-4B13-BAF6-E3F0136ECF8A.jpeg' alt='' title='EF59D61F-32EC-4B13-BAF6-E3F0136ECF8A'  itemprop=\"thumbnailUrl\"  \/><\/a><\/div><\/div><\/div><\/div>\n<div class='av-flex-placeholder'><\/div><div class=\"flex_column av_one_third  flex_column_table_cell av-equal-height-column av-align-top av-zero-column-padding   avia-builder-el-6  el_after_av_one_third  el_before_av_one_third  \" style='border-radius:0px; '><div  class='avia-image-container  av-styling-  noHover  av-overlay-hover-deactivate   avia-builder-el-7  avia-builder-el-no-sibling  avia-align-center '  itemprop=\"image\" itemscope=\"itemscope\" itemtype=\"https:\/\/schema.org\/ImageObject\"  ><div class='avia-image-container-inner'><div class='avia-image-overlay-wrap'><a href='https:\/\/pickup-on-tour.de\/?page_id=317' class='avia_image'  ><div class='av-image-caption-overlay'><div class='av-caption-image-overlay-bg' style='opacity:0.1; background-color:#000000; '><\/div><div class='av-image-caption-overlay-position'><div class='av-image-caption-overlay-center' style='color:#ffffff; '><p>Tauchen<\/p>\n<\/div><\/div><\/div><img class='avia_image ' src='https:\/\/pickup-on-tour.de\/wp-content\/uploads\/2020\/01\/IMG_0253.jpg' alt='Tauchen' title='IMG_0253'  itemprop=\"thumbnailUrl\"  \/><\/a><\/div><\/div><\/div><\/div>\n<div class='av-flex-placeholder'><\/div><div class=\"flex_column av_one_third  flex_column_table_cell av-equal-height-column av-align-top av-zero-column-padding   avia-builder-el-8  el_after_av_one_third  el_before_av_hr  \" style='border-radius:0px; '><div  class='avia-image-container  av-styling-  noHover  av-overlay-hover-deactivate   avia-builder-el-9  avia-builder-el-no-sibling  avia-align-center '  itemprop=\"image\" itemscope=\"itemscope\" itemtype=\"https:\/\/schema.org\/ImageObject\"  ><div class='avia-image-container-inner'><div class='avia-image-overlay-wrap'><a href='https:\/\/pickup-on-tour.de\/?page_id=111' class='avia_image'  ><div class='av-image-caption-overlay'><div class='av-caption-image-overlay-bg' style='opacity:0.1; background-color:#000000; '><\/div><div class='av-image-caption-overlay-position'><div class='av-image-caption-overlay-center' style='color:#ffffff; '><p>Reisen<\/p>\n<\/div><\/div><\/div><img class='avia_image ' src='https:\/\/pickup-on-tour.de\/wp-content\/uploads\/2020\/01\/IMG_0585-3000x1998.jpg' alt='' title='IMG_0585'  itemprop=\"thumbnailUrl\"  \/><\/a><\/div><\/div><\/div><\/div><\/div><!--close column table wrapper. Autoclose: 1 -->\n<div  style=' margin-top:100; margin-bottom:130px;'  class='hr hr-custom hr-center hr-icon-yes   avia-builder-el-10  el_after_av_one_third  el_before_av_one_third '><span class='hr-inner   inner-border-av-border-fat' style=' width:80px; border-color:#dbbaa3;' ><span class='hr-inner-style'><\/span><\/span><span class='av-seperator-icon' style='color:#ffffff;' aria-hidden='true' data-av_icon='\ue87b' data-av_iconfont='entypo-fontello'><\/span><span class='hr-inner   inner-border-av-border-fat' style=' width:80px; border-color:#dbbaa3;' ><span class='hr-inner-style'><\/span><\/span><\/div>\n<div class='flex_column_table av-equal-height-column-flextable -flextable' ><div class=\"flex_column av_one_third  flex_column_table_cell av-equal-height-column av-align-top av-zero-column-padding first  avia-builder-el-11  el_after_av_hr  el_before_av_two_third  \" style='border-radius:0px; '><div  class='avia-image-container  av-styling-    avia-builder-el-12  avia-builder-el-no-sibling  avia-align-center '  itemprop=\"image\" itemscope=\"itemscope\" itemtype=\"https:\/\/schema.org\/ImageObject\"  ><div class='avia-image-container-inner'><div class='avia-image-overlay-wrap'><img class='avia_image' src='https:\/\/pickup-on-tour.de\/wp-content\/uploads\/2020\/02\/Passfoto.png' alt='' title='Passfoto' height=\"213\" width=\"196\"  itemprop=\"thumbnailUrl\"  \/><\/div><\/div><\/div><\/div>\n<div class='av-flex-placeholder'><\/div><div class=\"flex_column av_two_third  flex_column_table_cell av-equal-height-column av-align-top av-zero-column-padding   avia-builder-el-13  el_after_av_one_third  avia-builder-el-last  \" style='border-radius:0px; '><section class=\"av_textblock_section \"  itemscope=\"itemscope\" itemtype=\"https:\/\/schema.org\/CreativeWork\" ><div class='avia_textblock  av_inherit_color '  style='color:#dbbaa3; '  itemprop=\"text\" ><h3><span style=\"color: #000000;\">\u00dcber mich<\/span><\/h3>\n<p><span style=\"color: #000000;\">Mein Name ist Bernd, ich lebe in Dortmund und begr\u00fc\u00dfe euch mit einem herzlichen <strong>GL\u00dcCK AUF.<\/strong><\/span><\/p>\n<p><span style=\"color: #000000;\">Nicht mehr ganz jung und von klein auf neugierig und aktiv, durfte ich in meinem Leben schon einiges erleben, wof\u00fcr ich sehr dankbar bin.<\/span><\/p>\n<p><span style=\"color: #000000;\">So bin ich seit 1979 Mitglied in einem Unterwassersportclub und bin sowohl \u00dcber- wie auch Unterwasser sehr aktiv, sowohl als Hobbytaucher als auch als ideeller Tauchausbilder.<\/span><\/p>\n<p><span style=\"color: #000000;\">Seit einigen Jahren bin ich mit meinem Pickup hierzulande und auch in den nordischen L\u00e4ndern unterwegs.<\/span><\/p>\n<p><span style=\"color: #000000;\">Nach 47 Jahren Ausbildung, Studium und beruflicher T\u00e4tigkeit bin ich im \u201eUnruhestand\u201c und habe nun mehr Zeit f\u00fcr meine Hobbies und Interessen und f\u00fcr meine Familie. <\/span><br class=\"avia-permanent-lb\" \/><br class=\"avia-permanent-lb\" \/><\/p>\n<\/div><\/section><\/div><\/div><!--close column table wrapper. Autoclose: 1 -->\n","protected":false},"excerpt":{"rendered":"","protected":false},"author":1,"featured_media":2524,"parent":0,"menu_order":0,"comment_status":"closed","ping_status":"closed","template":"","meta":{"footnotes":""},"_links":{"self":[{"href":"https:\/\/pickup-on-tour.de\/index.php?rest_route=\/wp\/v2\/pages\/99"}],"collection":[{"href":"https:\/\/pickup-on-tour.de\/index.php?rest_route=\/wp\/v2\/pages"}],"about":[{"href":"https:\/\/pickup-on-tour.de\/index.php?rest_route=\/wp\/v2\/types\/page"}],"author":[{"embeddable":true,"href":"https:\/\/pickup-on-tour.de\/index.php?rest_route=\/wp\/v2\/users\/1"}],"replies":[{"embeddable":true,"href":"https:\/\/pickup-on-tour.de\/index.php?rest_route=%2Fwp%2Fv2%2Fcomments&post=99"}],"version-history":[{"count":227,"href":"https:\/\/pickup-on-tour.de\/index.php?rest_route=\/wp\/v2\/pages\/99\/revisions"}],"predecessor-version":[{"id":2954,"href":"https:\/\/pickup-on-tour.de\/index.php?rest_route=\/wp\/v2\/pages\/99\/revisions\/2954"}],"wp:featuredmedia":[{"embeddable":true,"href":"https:\/\/pickup-on-tour.de\/index.php?rest_route=\/wp\/v2\/media\/2524"}],"wp:attachment":[{"href":"https:\/\/pickup-on-tour.de\/index.php?rest_route=%2Fwp%2Fv2%2Fmedia&parent=99"}],"curies":[{"name":"wp","href":"https:\/\/api.w.org\/{rel}","templated":true}]}}