{"id":317,"date":"2019-05-27T17:02:20","date_gmt":"2019-05-27T17:02:20","guid":{"rendered":"http:\/\/pickup-on-tour.de\/?page_id=317"},"modified":"2020-02-22T19:48:25","modified_gmt":"2020-02-22T18:48:25","slug":"tauchen","status":"publish","type":"page","link":"https:\/\/pickup-on-tour.de\/?page_id=317","title":{"rendered":"Tauchen"},"content":{"rendered":"<div class=\"flex_column av_one_full  flex_column_div av-zero-column-padding first  avia-builder-el-0  el_before_av_textblock  avia-builder-el-first  \" style='border-radius:0px; '><div  style='height:600px' class='hr hr-invisible   avia-builder-el-1  avia-builder-el-no-sibling '><span class='hr-inner ' ><span class='hr-inner-style'><\/span><\/span><\/div><\/div>\n<section class=\"av_textblock_section \"  itemscope=\"itemscope\" itemtype=\"https:\/\/schema.org\/CreativeWork\" ><div class='avia_textblock   av-medium-font-size-overwrite av-medium-font-size-20 av-small-font-size-overwrite av-small-font-size-20 av-mini-font-size-overwrite av-mini-font-size-20'  style='font-size:20px; '  itemprop=\"text\" ><h3><strong>Tauchen<\/strong><\/h3>\n<p>Sehr viele Menschen, von Jung bis Alt sind von der Unterwasserwelt fasziniert. Die meisten sind nur passive Zuschauer im TV oder genie\u00dfen von DVD\/Blue Ray oder in seltenen F\u00e4llen in &#8222;Touristen-U-Booten&#8220;. Viele m\u00f6chten aber eine kleine Unterwasserwelt zu Hause besitzen und besch\u00e4ftigen sich mit S\u00fc\u00df- oder Meerwasseraquaristik.<\/p>\n<p>Aktiv die Unterwasserwelt erleben kann man bei Schnorcheln, Apnoetauchen oder Ger\u00e4tetauchen. Mit wenig Aufwand erlebt man in warmen Gew\u00e4ssern im Urlaub diese aber nur von oben. Wer richtig eintauchen m\u00f6chte, um mit den Fischen sozusagen auf Augenh\u00f6he zu sein, muss tauchen, entweder mit angehaltenem Atem oder mit aufwendigerer Ger\u00e4tetechnik.<\/p>\n<p>Das erstere, das Apnoetauchen hat in den letzten 20 Jahren einen starken Aufschwung erlebt. Die Ausr\u00fcstung ist, wie beim Schnorcheln \u00fcberschaubar.<\/p>\n<p>Erst als Ger\u00e4tetaucher ist man in der Lage Tauchg\u00e4nge bis zu 60 min L\u00e4nge und bis zu 40 m Tiefe zu erleben.<\/p>\n<\/div><\/section>\n<div class=\"flex_column av_one_full  flex_column_div av-zero-column-padding first  avia-builder-el-3  el_after_av_textblock  avia-builder-el-last  column-top-margin\" style='border-radius:0px; '><p><div  class='avia-image-container  av-styling-    avia-builder-el-4  el_before_av_image  avia-builder-el-first  avia-align-center '  itemprop=\"image\" itemscope=\"itemscope\" itemtype=\"https:\/\/schema.org\/ImageObject\"  ><div class='avia-image-container-inner'><div class='avia-image-overlay-wrap'><img class='avia_image' src='https:\/\/pickup-on-tour.de\/wp-content\/uploads\/2020\/02\/IMG_1780.jpg' alt='' title='IMG_1780' height=\"1065\" width=\"1600\"  itemprop=\"thumbnailUrl\"  \/><\/div><\/div><\/div><br \/>\n<div  class='avia-image-container  av-styling-    avia-builder-el-5  el_after_av_image  el_before_av_image  avia-align-center '  itemprop=\"image\" itemscope=\"itemscope\" itemtype=\"https:\/\/schema.org\/ImageObject\"  ><div class='avia-image-container-inner'><div class='avia-image-overlay-wrap'><img class='avia_image' src='https:\/\/pickup-on-tour.de\/wp-content\/uploads\/2020\/02\/IMG_1641.jpg' alt='' title='IMG_1641' height=\"1065\" width=\"1600\"  itemprop=\"thumbnailUrl\"  \/><\/div><\/div><\/div><br \/>\n<div  class='avia-image-container  av-styling-    avia-builder-el-6  el_after_av_image  el_before_av_image  avia-align-center '  itemprop=\"image\" itemscope=\"itemscope\" itemtype=\"https:\/\/schema.org\/ImageObject\"  ><div class='avia-image-container-inner'><div class='avia-image-overlay-wrap'><img class='avia_image' src='https:\/\/pickup-on-tour.de\/wp-content\/uploads\/2020\/02\/IMG_1853.jpg' alt='' title='IMG_1853' height=\"1065\" width=\"1600\"  itemprop=\"thumbnailUrl\"  \/><\/div><\/div><\/div><br \/>\n<div  class='avia-image-container  av-styling-    avia-builder-el-7  el_after_av_image  el_before_av_image  avia-align-center '  itemprop=\"image\" itemscope=\"itemscope\" itemtype=\"https:\/\/schema.org\/ImageObject\"  ><div class='avia-image-container-inner'><div class='avia-image-overlay-wrap'><img class='avia_image' src='https:\/\/pickup-on-tour.de\/wp-content\/uploads\/2020\/02\/IMG_1876.jpg' alt='' title='IMG_1876' height=\"1065\" width=\"1600\"  itemprop=\"thumbnailUrl\"  \/><\/div><\/div><\/div><br \/>\n<div  class='avia-image-container  av-styling-    avia-builder-el-8  el_after_av_image  el_before_av_image  avia-align-center '  itemprop=\"image\" itemscope=\"itemscope\" itemtype=\"https:\/\/schema.org\/ImageObject\"  ><div class='avia-image-container-inner'><div class='avia-image-overlay-wrap'><img class='avia_image' src='https:\/\/pickup-on-tour.de\/wp-content\/uploads\/2020\/02\/Galapagos-2550.jpg' alt='' title='Galapagos 2550' height=\"1200\" width=\"1600\"  itemprop=\"thumbnailUrl\"  \/><\/div><\/div><\/div><br \/>\n<div  class='avia-image-container  av-styling-    avia-builder-el-9  el_after_av_image  el_before_av_image  avia-align-center '  itemprop=\"image\" itemscope=\"itemscope\" itemtype=\"https:\/\/schema.org\/ImageObject\"  ><div class='avia-image-container-inner'><div class='avia-image-overlay-wrap'><img class='avia_image' src='https:\/\/pickup-on-tour.de\/wp-content\/uploads\/2020\/02\/Galapagos-2530.jpg' alt='' title='Galapagos 2530' height=\"1200\" width=\"1600\"  itemprop=\"thumbnailUrl\"  \/><\/div><\/div><\/div><br \/>\n<div  class='avia-image-container  av-styling-    avia-builder-el-10  el_after_av_image  avia-builder-el-last  avia-align-center '  itemprop=\"image\" itemscope=\"itemscope\" itemtype=\"https:\/\/schema.org\/ImageObject\"  ><div class='avia-image-container-inner'><div class='avia-image-overlay-wrap'><img class='avia_image' src='https:\/\/pickup-on-tour.de\/wp-content\/uploads\/2020\/02\/Galapagos-2250.jpg' alt='' title='Galapagos 2250' height=\"1200\" width=\"1600\"  itemprop=\"thumbnailUrl\"  \/><\/div><\/div><\/div><\/p><\/div>\n","protected":false},"excerpt":{"rendered":"","protected":false},"author":1,"featured_media":0,"parent":0,"menu_order":0,"comment_status":"closed","ping_status":"closed","template":"","meta":{"footnotes":""},"_links":{"self":[{"href":"https:\/\/pickup-on-tour.de\/index.php?rest_route=\/wp\/v2\/pages\/317"}],"collection":[{"href":"https:\/\/pickup-on-tour.de\/index.php?rest_route=\/wp\/v2\/pages"}],"about":[{"href":"https:\/\/pickup-on-tour.de\/index.php?rest_route=\/wp\/v2\/types\/page"}],"author":[{"embeddable":true,"href":"https:\/\/pickup-on-tour.de\/index.php?rest_route=\/wp\/v2\/users\/1"}],"replies":[{"embeddable":true,"href":"https:\/\/pickup-on-tour.de\/index.php?rest_route=%2Fwp%2Fv2%2Fcomments&post=317"}],"version-history":[{"count":109,"href":"https:\/\/pickup-on-tour.de\/index.php?rest_route=\/wp\/v2\/pages\/317\/revisions"}],"predecessor-version":[{"id":2908,"href":"https:\/\/pickup-on-tour.de\/index.php?rest_route=\/wp\/v2\/pages\/317\/revisions\/2908"}],"wp:attachment":[{"href":"https:\/\/pickup-on-tour.de\/index.php?rest_route=%2Fwp%2Fv2%2Fmedia&parent=317"}],"curies":[{"name":"wp","href":"https:\/\/api.w.org\/{rel}","templated":true}]}}