{"id":2838,"date":"2020-02-19T19:02:28","date_gmt":"2020-02-19T18:02:28","guid":{"rendered":"https:\/\/pickup-on-tour.de\/?page_id=2838"},"modified":"2020-02-20T14:42:15","modified_gmt":"2020-02-20T13:42:15","slug":"taucherausruestung","status":"publish","type":"page","link":"https:\/\/pickup-on-tour.de\/?page_id=2838","title":{"rendered":"Taucherausr\u00fcstung"},"content":{"rendered":"<div class=\"flex_column av_one_full  flex_column_div av-zero-column-padding first  avia-builder-el-0  el_before_av_one_full  avia-builder-el-first  \" style='border-radius:0px; '><div  style='height:550px' class='hr hr-invisible   avia-builder-el-1  avia-builder-el-no-sibling '><span class='hr-inner ' ><span class='hr-inner-style'><\/span><\/span><\/div><\/div><div class=\"flex_column av_one_full  flex_column_div av-zero-column-padding first  avia-builder-el-2  el_after_av_one_full  avia-builder-el-last  column-top-margin\" style='border-radius:0px; '><section class=\"av_textblock_section \"  itemscope=\"itemscope\" itemtype=\"https:\/\/schema.org\/CreativeWork\" ><div class='avia_textblock   av-medium-font-size-overwrite av-medium-font-size-20 av-small-font-size-overwrite av-small-font-size-20 av-mini-font-size-overwrite av-mini-font-size-20'  style='font-size:20px; '  itemprop=\"text\" ><h3><span style=\"color: #000000;\"><strong>Tauchausr\u00fcstung<\/strong><\/span><\/h3>\n<p><span style=\"color: #000000;\">Vor der Anschaffung von Ausr\u00fcstungsgegenst\u00e4nden sollte man sich ein Paar Gedanken machen \u00fcber die zuk\u00fcnftige Nutzung:<\/span><\/p>\n<p><span style=\"color: #000000;\">1. gelegentliche Nutzung im Urlaub zum Schnorcheln,<\/span><\/p>\n<p><span style=\"color: #000000;\">2. h\u00e4ufigere Nutzung zum Schnorcheln mit kurzen Apnoephasen,<\/span><\/p>\n<p><span style=\"color: #000000;\">3. sehr sportlich orientierte Nutzung zum Apnoetauchen,<\/span><\/p>\n<p><span style=\"color: #000000;\">4. Nutzung zum Ger\u00e4tetauchen im Urlaub,<\/span><\/p>\n<p><span style=\"color: #000000;\">5. intensive Nutzung mit Tauchg\u00e4ngen, auch in heimischen Gew\u00e4ssern.<\/span><\/p>\n<p><span style=\"color: #000000;\"><strong>1<\/strong>. Zum reinen Schnorcheln in warmen Gew\u00e4ssern ben\u00f6tigt man die sogenannte ABC-Ausr\u00fcstung bestehend aus Flossen, Schnorchel und Tauchermaske. Die Taucherflossen sollten einen geschlossenen Fu\u00dfteil haben. Sie sollen bequem sitzen ohne zu beengen, aber so, dass man sie auch nicht verliert. Zus\u00e4tzlich kann man S\u00f6ckchen unterziehen und sie mit Flossenhaltern sichern. Sie sollten nicht zu riesig und zu schwer sein, da man sie ja eventuell auf Flugreisen mitnimmt. Als Schnorchel reicht im Grunde ein Mundst\u00fcck mit Rohr, max. 35 cm lang und 18-20 mm (f\u00fcr Kinder 15-18 mm) im Durchmesser. Bitte nicht l\u00e4nger oder dicker, da nach der Ausatmung \u201everbrauchte\u201c Luft im Inneren verbleibt, die man dann wieder einatmet (Pendelatmung). Bei Kindern und Jugendlichen muss der Schnorchel an die K\u00f6rpergr\u00f6\u00dfe angepasst sein. Es gibt auch Schnorchel mit Ventilen, die das Ausblasen von eingedrungenem Wasser erleichtern. Bei Tauchermasken kommt es vor allen Dingen auf einen bequemen und dichten Sitz an. Sie sollte einen doppelten Dichtrand aufweisen. Ob ein durchgehendes oder zwei getrennte Gl\u00e4ser ist sekund\u00e4r, sie m\u00fcssen aber aus Sicherheitsglas sein. F\u00fcr Brillentr\u00e4ger ist der Einsatz von optischen Gl\u00e4sern m\u00f6glich. Der Maskenk\u00f6rper aus transparentem Silikon l\u00e4sst Bewegungen zu allen Seiten erahnen. Unbedingt muss ein Nasenerker, durch den man die Nase, auch mit Handschuhen gut zupressen kann, vorhanden sein. Dies ist beim Abtauchen f\u00fcr den sogenannten \u201eDruckausgleich\u201c notwendig. Als UV-Schutz empfiehlt sich ein Rushguard.<\/span><\/p>\n<p><span style=\"color: #000000;\"><strong>2<\/strong>. Zur beschriebenen ABC-Ausr\u00fcstung braucht man bei l\u00e4ngerem Verbleib im Wasser und bei Erreichung etwas tieferer Regionen ein \u201eShorty\u201c als K\u00e4lteschutz. Bei ge\u00fcbten Schnorchlern eventuell noch ein Bleigurt mit nicht zu schweren Bleigewichten.<\/span><\/p>\n<p><span style=\"color: #000000;\"><strong>3<\/strong>. Apnoetaucher tauchen ihre Flossen gegen deutlich l\u00e4ngere Exemplare. Da sie h\u00e4ufig, sowohl beim Training im Hallenbad als auch im Freiwasser ohne Bewegung ihre Apnoezeit trainieren, tragen sie meist d\u00fcnne Neoprenanz\u00fcge mit langen \u00c4rmeln und Beinen.<\/span><\/p>\n<p><span style=\"color: #000000;\">Falls man sich f\u00fcrs Ger\u00e4tetauchen interessiert, ben\u00f6tigt man deutlich mehr Ausr\u00fcstungsgegenst\u00e4nde. Die folgende Aufz\u00e4hlung beinhaltet alles, um auch in sehr kalten Gew\u00e4ssern zu tauchen. Bei moderateren Umst\u00e4nden, was Wassertemperaturen und Sichtweite betrifft, tauscht man das eine oder andere Ausr\u00fcstungsteil aus. Bei extremem Tauchen\/technischem Tauchen wie H\u00f6hlen-, Mischgas- oder Rebreathertauchen kommen weitere Ausr\u00fcstungsteile ins Spiel. Da man f\u00fcr diese Form des Tauchens spezielle weitergehende Ausbildungen absolvieren muss, gibt es hier keine weitergehenden Ausf\u00fchrungen zur Ausr\u00fcstung.<\/span><\/p>\n<p><span style=\"color: #000000;\"><strong>4.<\/strong> Nicht jeder wird sich sofort eine komplette Ausr\u00fcstung zulegen wollen oder k\u00f6nnen. Auch kann man die vollst\u00e4ndige Ausr\u00fcstung zu entfernteren tropischen Gew\u00e4ssern gar nicht im Flieger mitnehmen. Au\u00dferdem kann man an Tauchbasen die komplette Tauchausr\u00fcstung ausleihen. Fr\u00fcher oder sp\u00e4ter tr\u00e4gt sich jeder mit dem Gedanken Ausr\u00fcstungsteile anzuschaffen. Gut ausger\u00fcstet ben\u00f6tigt man in warmen Gew\u00e4ssern (>25-28 Grad Celsius) folgendes:<\/span><\/p>\n<p><span style=\"color: #000000;\">\u2013 Tauchanzug, nass oder halbtrocken, Shorty,<\/span><\/p>\n<p><span style=\"color: #000000;\">\u2013 Drucklufttauchflasche (10-15 l, Aluminium oder Stahl, 200 bar),<\/span><\/p>\n<p><span style=\"color: #000000;\">\u2013 Jacket (Tarier- und Auftriebshilfe an der die Flasche befestigt wird),<\/span><\/p>\n<p><span style=\"color: #000000;\">\u2013 Atemregler bestehend aus einer erster Stufe (Druckminderer) und zwei 2. Stufen (Lungenautomat), Manometer (Finimeter), Inflatoranschluss f\u00fcr das Jacket,<\/span><\/p>\n<p><span style=\"color: #000000;\">\u2013 Bleigurt mit Blei oder Blei \u00a0bei bleiintegrierten Jacket,<\/span><\/p>\n<p><span style=\"color: #000000;\">\u2013 Tauchcomputer,<\/span><\/p>\n<p><span style=\"color: #000000;\">\u2013 Unterwasserlampe (LED-Technik),<\/span><\/p>\n<p><span style=\"color: #000000;\">\u2013 Tauchermesser oder Rettungsschere,\u2014ABC-Ausr\u00fcstung.<\/span><\/p>\n<p><span style=\"color: #000000;\">Tauchflaschen und Blei leiht man immer vor Ort.<\/span><\/p>\n<p><span style=\"color: #000000;\"><strong>5<\/strong>. Die Ausr\u00fcstung f\u00fcr Kaltwassertaucher ist etwas aufwendiger. Als K\u00e4lteschutz verwendet man mindestens einen Halbtrockentauchanzug oder einen Neopren- oder Membran-Trockentauchanzug (Konstantvolumenanzug) mit entsprechendem Unterzieher. Zum vollst\u00e4ndigen Schutz ben\u00f6tigt man Neoprenhandschuhe und -f\u00fc\u00dflinge. Die Flossen werden gegen robuste Ger\u00e4teflossen (offener Fu\u00dfteil mit Fersenriemen) getauscht. An einem anderen Flaschenventil mit zwei absperrbaren Anschl\u00fcssen wird man zwei kaltwassertaugliche Atemregler mit je einer 2. Stufe und je einem Inflator (einer zus\u00e4tzlich f\u00fcr den Trockentauchanzug) anschlie\u00dfen. So ist man selbst f\u00fcr Tauchg\u00e4nge im Winter bei Temperaturen knapp \u00fcber dem Gefrierpunkt und bis zu 40 min Dauer ger\u00fcstet.<\/span><\/p>\n<p><span style=\"color: #000000;\">Soweit die \u00dcbersicht. Alle Begriffe k\u00f6nnen in diesem Rahmen gar nicht erkl\u00e4rt werden. Im Internet und in der erw\u00e4hnten Tauchliteratur findet man alles ausf\u00fchrlicher erkl\u00e4rt.<\/span><\/p>\n<\/div><\/section><\/div><\/p>\n","protected":false},"excerpt":{"rendered":"","protected":false},"author":1,"featured_media":0,"parent":0,"menu_order":0,"comment_status":"closed","ping_status":"closed","template":"","meta":{"footnotes":""},"_links":{"self":[{"href":"https:\/\/pickup-on-tour.de\/index.php?rest_route=\/wp\/v2\/pages\/2838"}],"collection":[{"href":"https:\/\/pickup-on-tour.de\/index.php?rest_route=\/wp\/v2\/pages"}],"about":[{"href":"https:\/\/pickup-on-tour.de\/index.php?rest_route=\/wp\/v2\/types\/page"}],"author":[{"embeddable":true,"href":"https:\/\/pickup-on-tour.de\/index.php?rest_route=\/wp\/v2\/users\/1"}],"replies":[{"embeddable":true,"href":"https:\/\/pickup-on-tour.de\/index.php?rest_route=%2Fwp%2Fv2%2Fcomments&post=2838"}],"version-history":[{"count":5,"href":"https:\/\/pickup-on-tour.de\/index.php?rest_route=\/wp\/v2\/pages\/2838\/revisions"}],"predecessor-version":[{"id":2897,"href":"https:\/\/pickup-on-tour.de\/index.php?rest_route=\/wp\/v2\/pages\/2838\/revisions\/2897"}],"wp:attachment":[{"href":"https:\/\/pickup-on-tour.de\/index.php?rest_route=%2Fwp%2Fv2%2Fmedia&parent=2838"}],"curies":[{"name":"wp","href":"https:\/\/api.w.org\/{rel}","templated":true}]}}