{"id":1937,"date":"2020-02-03T20:28:27","date_gmt":"2020-02-03T19:28:27","guid":{"rendered":"https:\/\/pickup-on-tour.de\/?page_id=1937"},"modified":"2020-02-20T14:46:59","modified_gmt":"2020-02-20T13:46:59","slug":"geraetetauchen","status":"publish","type":"page","link":"https:\/\/pickup-on-tour.de\/?page_id=1937","title":{"rendered":"Weg zum Ger\u00e4tetaucher"},"content":{"rendered":"<div class=\"flex_column av_one_full  flex_column_div av-zero-column-padding first  avia-builder-el-0  el_before_av_textblock  avia-builder-el-first  \" style='border-radius:0px; '><div  style='height:600px' class='hr hr-invisible   avia-builder-el-1  avia-builder-el-no-sibling '><span class='hr-inner ' ><span class='hr-inner-style'><\/span><\/span><\/div><\/div>\n<section class=\"av_textblock_section \"  itemscope=\"itemscope\" itemtype=\"https:\/\/schema.org\/CreativeWork\" ><div class='avia_textblock  av_inherit_color  av-medium-font-size-overwrite av-medium-font-size-20 av-small-font-size-overwrite av-small-font-size-20 av-mini-font-size-overwrite av-mini-font-size-20'  style='font-size:20px; color:#000000; '  itemprop=\"text\" ><h3><span style=\"color: #000000;\"><strong>Weg zum Ger\u00e4tetaucher<\/strong><\/span><\/h3>\n<p><span style=\"color: #000000;\">Bei vielen Menschen, wie auch bei mir wuchs das Interesse am Tauchsport. H\u00e4ufig nach \u00a0den Anschauen von Reportagen, Filmen und Berichten mit Unterwasser-Aufnahmen oder durch Schnorcheln oder das Erleben von Aktivit\u00e4ten an Tauchbasen im Urlaub. Leider scheuen sich die meisten aktiv zu werden, um st\u00e4rker werdende W\u00fcnsche diesen faszinierenden Sport selber auszu\u00fcben, in die Tat umzusetzen.<\/span><\/p>\n<p><span style=\"color: #000000;\"><strong>Tauchen lernen ist wirklich nicht schwer.<\/strong><\/span><\/p>\n<p><span style=\"color: #000000;\">In der heutigen Zeit ist es dank Internet sehr einfach geworden, sich zu informieren. Hier \u00a0zuhause bieten sich Tauchvereine und Tauchschulen und rund um den Globus zahlreiche Tauchbasen an. H\u00e4ufig wird kostenloses Schnuppertauchen angeboten.<\/span><\/p>\n<p><span style=\"color: #000000;\">Um sicher zu tauchen, ist es erforderlich sich mit Regeln und etwas Tauchtheorie zu besch\u00e4ftigen und bei der praktischen Aus\u00fcbung Sorgfalt und Disziplin walten zu lassen. Sporttauchen kann auf zwei Arten ausge\u00fcbt werden. Zum einen das Tauchen mit angehaltenem Atem, das Apnoetauchen und zum anderen das Ger\u00e4tetauchen mit aufwendigerer Ausr\u00fcstung. F\u00fcr beide Varianten ist ein durchschnittliches Ma\u00df an Fitness sowie tauchtheoretischen Kenntnissen n\u00f6tig. Bei der Besch\u00e4ftigung mit dem Ger\u00e4tetauchen ben\u00f6tigt man etwas technisches Verst\u00e4ndnis und Basiskenntnisse in Tauchphysik, Tauchmedizin, Ausr\u00fcstung und Ger\u00e4tetechnik, Tauchgangspraxis, Biologie und Umweltschutz.<\/span><\/p>\n<p><span style=\"color: #000000;\">Der Weg zum erfahrenen Ger\u00e4tetaucher mit zahlreichen Tauchg\u00e4ngen erfolgt in Stufen (Deutsches Tauchsportabzeichen 1-, 2-, und 3-Stern) und sollte bei einer der gro\u00dfen Tauchausbildungsorganisationen beschritten werden. Exemplarisch und ohne Wertung soll hier der Weg beim Verband Deutscher Sporttaucher (VDST) skizziert werden. Vorteilhaft ist die Mitgliedschaft in einem dem VDST angeschlossenen Tauchverein, so dass regelm\u00e4\u00dfiges Training im Schwimmbad und das Kennenlernen von Gleichgesinnten m\u00f6glich ist. Vor Beginn muss durch eine tauchsport\u00e4rztliche Untersuchung die Tauchtauglichkeit fest gestellt werden.<\/span><\/p>\n<p><span style=\"color: #000000;\">Deutsches Tauchsportabzeichen (DTSA) *<\/span><\/p>\n<p><span style=\"color: #000000;\">Deutsches Tauchsportabzeichen (DTSA) **<\/span><\/p>\n<p><span style=\"color: #000000;\">Deutsches Tauchsportabzeichen (DTSA) ***<\/span><\/p>\n<p><span style=\"color: #000000;\">Zwischen den Stufen sind Aufbaukurse, Spezialkurse und eine Mindestanzahl von Tauchg\u00e4ngen zu absolvieren.<\/span><\/p>\n<p><span style=\"color: #000000;\"><strong>Ziel muss es sein, Tauchg\u00e4nge sicher durchf\u00fchren zu k\u00f6nnen und gesund aus dem Wasser zu kommen.<\/strong><\/span><\/p>\n<p><span style=\"color: #000000;\"><strong>Tauche nie allein!\u00a0<\/strong><\/span><span style=\"color: #000000;\">lautet eine sehr wichtige Regel. Somit geht man mit einem Tauchpartner ins Wasser und genie\u00dft diesen Sport mindestens zu zweit.<\/span><\/p>\n<p><span style=\"color: #000000;\">Zum Einstieg empfehle ich euch die Homepage des Verbands Deutscher Sporttaucher <a style=\"color: #000000;\" href=\"http:\/\/www.vdst.de\">www.vdst.de<\/a><\/span><\/p>\n<p><span style=\"color: #000000;\">oder f\u00fcr den Raum Dortmund die Seiten des Unterwasser-Sport-Clubs Dortmund <a style=\"color: #000000;\" href=\"http:\/\/uwsc.de\">www.uwsc.de.<\/a><\/span><\/p>\n<p><span style=\"color: #000000;\">Bei Interesse am Apnoetauchen findet ihr Informationen unter <a style=\"color: #000000;\" href=\"http:\/\/www.freitauchen-lernen.com\">www.freitauchen-lernen.com.<\/a><\/span><\/p>\n<p><span style=\"color: #000000;\">Mit\u00a0<strong><em>Sporttauchen<\/em><\/strong> und\u00a0<strong><em>Praxis des Tauchens<\/em><\/strong> sind zwei herausragende Ausbildungsb\u00fccher auf dem Markt, die man w\u00e4hrend der Ausbildung und sp\u00e4ter als Nachschlagewerk nutzen sollte.<\/span><\/p>\n<p><span style=\"color: #000000;\"><strong>Ausr\u00fcstung f\u00fcr einen Pr\u00fcfungstauchgang<\/strong><\/span><\/p>\n<p><span style=\"color: #000000;\">Komplette Tauchausr\u00fcstung f\u00fcr einen Tauchausbilder und\u00a0<\/span><span style=\"caret-color: #000000; color: #000000;\">f\u00fcr einen Tauchsch\u00fcler\u00a0<\/span><span style=\"color: #000000;\">DTG, Jacket und Lampe.<\/span><\/p>\n<p><span style=\"color: #000000;\">Zus\u00e4tzlich Sicherheitsausr\u00fcstung mit Sauerstoffkoffer und Tragetuch.<\/span><\/p>\n<figure class=\"gallery-item\"><span style=\"color: #000000;\"><a style=\"color: #000000;\" href=\"https:\/\/pickup-on-tour.de\/wp-content\/uploads\/2020\/01\/114_1452.jpg\" data-elementor-open-lightbox=\"default\" data-elementor-lightbox-slideshow=\"eebdf74\"><img loading=\"lazy\" decoding=\"async\" src=\"https:\/\/pickup-on-tour.de\/wp-content\/uploads\/2020\/01\/114_1452.jpg\" sizes=\"(max-width: 720px) 100vw, 720px\" srcset=\"https:\/\/pickup-on-tour.de\/wp-content\/uploads\/2020\/01\/114_1452.jpg 2272w, https:\/\/pickup-on-tour.de\/wp-content\/uploads\/2020\/01\/114_1452-300x225.jpg 300w, https:\/\/pickup-on-tour.de\/wp-content\/uploads\/2020\/01\/114_1452-768x576.jpg 768w, https:\/\/pickup-on-tour.de\/wp-content\/uploads\/2020\/01\/114_1452-1536x1152.jpg 1536w, https:\/\/pickup-on-tour.de\/wp-content\/uploads\/2020\/01\/114_1452-2048x1536.jpg 2048w\" alt=\"\" width=\"720\" height=\"540\" \/><\/a><\/span><\/figure>\n<\/div><\/section>\n<div class=\"flex_column av_one_full  flex_column_div av-zero-column-padding first  avia-builder-el-3  el_after_av_textblock  avia-builder-el-last  column-top-margin\" style='border-radius:0px; '><section class=\"av_textblock_section \"  itemscope=\"itemscope\" itemtype=\"https:\/\/schema.org\/CreativeWork\" ><div class='avia_textblock   av-medium-font-size-overwrite av-medium-font-size-20 av-small-font-size-overwrite av-small-font-size-20 av-mini-font-size-overwrite av-mini-font-size-20'  style='font-size:20px; '  itemprop=\"text\" ><p><strong><span style=\"color: #000000;\">Weg zum Tauchlehrer *** (<span style=\"caret-color: #000000;\">Instruktor<\/span>\u00a0Trainer)<\/span><\/strong><\/p>\n<p><span style=\"color: #000000;\">Reportagen von Jaques Cousteau und Hans Hass und eine Fernsehserie (Mike Nelsen) weckten Mitte der Siebziger Jahre mein Interesse am Tauchsport. Ein Anschlag an einem schwarzen Brett der Uni Do machte mich auf einen Tauchverein aufmerksam. Nach einem Probetraining trat ich am 01. Mai 1979 in den Universit\u00e4ts Sport Club (USC), dem sp\u00e4teren Unterwasser-Sport-Club Dortmund (UWSC) ein. Im Laufe der Jahre habe ich verschiedene Vereinsfunktionen ausge\u00fcbt.<\/span><\/p>\n<p><span style=\"color: #000000;\">In den ersten Jahren unternahm ich neben dem Training im Hallenbad wegen Ausbildung, Arbeit und Familie nur wenige Tauchg\u00e4nge in Cadaques\/Spanien und in heimischen Gew\u00e4ssern.<\/span><\/p>\n<p><span style=\"color: #000000;\">Erst 1996 nach einem Tauchurlaub in \u00c4gypten wurde eine anhaltende Leidenschaft geweckt. Um Jugendliche bei Tauchg\u00e4bgen zu beaufsichtigen, war ein weitergehende Ausbildung erforderlich. 1997 besuchte ich in Hennef an sechs Wochenenden einen Trainer C-Lehrgang Sporttauchen. Bis 2002 absolvierte ich erfolgreich sechs Tauchlehrerpr\u00fcfungen (VDST TL 3\/182\/CMAS Instructor-Trainer, DOSB-Trainer A 100 Sportauchen, Nitrox Silber Instructor, SCR-Instructor f\u00fcr Dr\u00e4ger Dolphin) in der T\u00fcrkei, in \u00c4gypten und im Rursee.<\/span><\/p>\n<p><span style=\"color: #000000;\">1999 nahm ich an einen einw\u00f6chigen Taucherarztlehrgang der Gesellschaft f\u00fcr Tauch- und \u00dcberdruckmedizin in Berlin teil und war bis 2003 ehrenamtlicher Mitarbeiter bei TauchMed, einem, mittlerweile geschlossenen Druckkammerzentrum in Dortmund und bis 2006 Hotlinearzt beim VDST.<\/span><\/p>\n<p><span style=\"color: #000000;\">Tauchlehrerpraxispr\u00fcfungen f\u00fchrten mich als Arzt und\/oder Pr\u00fcfer teilweise mehrfach nach \u00c4gypten, Spanien, Frankreich, Malta, Kroatien und in die T\u00fcrkei. Bei Spezialkursen\/Seminaren wie Orientierung, Nitrox, Medizin-Praxis und Tauchsicherheit\/ Rettung \u00a0gab ich mein Wissen in Theorie und Praxis weiter. In NRW, Rheinland-Pfalz und im Saarland hielt ich tauchmedizinische Vortr\u00e4ge bei Trainer C-, TL 1-, TL 2-Ausbildungen und auf Tauchlehrerweiterbildungen. Selbstverst\u00e4ndlich f\u00fchrte ich in meinem Tauchverein Brevetierungen zum Deutschen Tauchsportabzeichen Bronze, Silber, Gold und zu Spezialkursen Orientierung, Nitrox und Nachttauchen durch.<\/span><\/p>\n<p><span style=\"color: #000000;\">Unvergessliche Urlaubstauchg\u00e4nge in \u00c4gypten, Spanien, \u00d6sterreich, auf den Galapagos-Inseln, in Indonesien, auf den Philippinen, in der T\u00fcrkei und rund ums Jahr in heimischen Gew\u00e4sser, wie der Ostsee, S\u00fc\u00dfwasserseen und Talsperren bereicherten mein Taucherleben.<\/span><\/p>\n<p><span style=\"color: #000000;\">\u00dcberlastungen meiner Knie im Tauchurlaub 2014 in Indonesien (Selayar und Komodo-Nationalpark) hindern mich im Moment aktiv zu tauchen.<\/span><\/p>\n<\/div><\/section><\/div>\n","protected":false},"excerpt":{"rendered":"","protected":false},"author":1,"featured_media":0,"parent":0,"menu_order":0,"comment_status":"closed","ping_status":"closed","template":"","meta":{"footnotes":""},"_links":{"self":[{"href":"https:\/\/pickup-on-tour.de\/index.php?rest_route=\/wp\/v2\/pages\/1937"}],"collection":[{"href":"https:\/\/pickup-on-tour.de\/index.php?rest_route=\/wp\/v2\/pages"}],"about":[{"href":"https:\/\/pickup-on-tour.de\/index.php?rest_route=\/wp\/v2\/types\/page"}],"author":[{"embeddable":true,"href":"https:\/\/pickup-on-tour.de\/index.php?rest_route=\/wp\/v2\/users\/1"}],"replies":[{"embeddable":true,"href":"https:\/\/pickup-on-tour.de\/index.php?rest_route=%2Fwp%2Fv2%2Fcomments&post=1937"}],"version-history":[{"count":24,"href":"https:\/\/pickup-on-tour.de\/index.php?rest_route=\/wp\/v2\/pages\/1937\/revisions"}],"predecessor-version":[{"id":2898,"href":"https:\/\/pickup-on-tour.de\/index.php?rest_route=\/wp\/v2\/pages\/1937\/revisions\/2898"}],"wp:attachment":[{"href":"https:\/\/pickup-on-tour.de\/index.php?rest_route=%2Fwp%2Fv2%2Fmedia&parent=1937"}],"curies":[{"name":"wp","href":"https:\/\/api.w.org\/{rel}","templated":true}]}}