{"id":1929,"date":"2020-02-03T20:22:35","date_gmt":"2020-02-03T19:22:35","guid":{"rendered":"https:\/\/pickup-on-tour.de\/?page_id=1929"},"modified":"2020-02-19T19:08:57","modified_gmt":"2020-02-19T18:08:57","slug":"tauchtheorie","status":"publish","type":"page","link":"https:\/\/pickup-on-tour.de\/?page_id=1929","title":{"rendered":"Tauchtheorie"},"content":{"rendered":"<div class=\"flex_column av_one_full  flex_column_div av-zero-column-padding first  avia-builder-el-0  el_before_av_textblock  avia-builder-el-first  \" style='border-radius:0px; '><div  style='height:600px' class='hr hr-invisible   avia-builder-el-1  avia-builder-el-no-sibling '><span class='hr-inner ' ><span class='hr-inner-style'><\/span><\/span><\/div><\/div>\n<section class=\"av_textblock_section \"  itemscope=\"itemscope\" itemtype=\"https:\/\/schema.org\/CreativeWork\" ><div class='avia_textblock  av_inherit_color  av-medium-font-size-overwrite av-medium-font-size-20 av-small-font-size-overwrite av-small-font-size-20 av-mini-font-size-overwrite av-mini-font-size-20'  style='font-size:20px; color:#000000; '  itemprop=\"text\" ><h3><span style=\"color: #000000;\">Tauchtheorie<\/span><\/h3>\n<p><span style=\"color: #000000;\">Die Auf\u00fchrungen zur Tauchtheorie sollen B\u00fccher zum Tauchen nicht ersetzen. Da auch in Tauchkursen am Urlaubsort die Theorie gelegentlich nur knapp behandelt werden kann, sollen dies Erg\u00e4nzungen sein. Auch dem Schnorchler oder Apnoetaucher werden ausgesuchte Inhalte angeboten, die eine sichere Durchf\u00fchrung dieser Wassersportaktivit\u00e4ten sicher stellen sollen.<\/span><\/p>\n<h3><\/h3>\n<h3><\/h3>\n<\/div><\/section>\n","protected":false},"excerpt":{"rendered":"","protected":false},"author":1,"featured_media":0,"parent":0,"menu_order":0,"comment_status":"closed","ping_status":"closed","template":"","meta":{"footnotes":""},"_links":{"self":[{"href":"https:\/\/pickup-on-tour.de\/index.php?rest_route=\/wp\/v2\/pages\/1929"}],"collection":[{"href":"https:\/\/pickup-on-tour.de\/index.php?rest_route=\/wp\/v2\/pages"}],"about":[{"href":"https:\/\/pickup-on-tour.de\/index.php?rest_route=\/wp\/v2\/types\/page"}],"author":[{"embeddable":true,"href":"https:\/\/pickup-on-tour.de\/index.php?rest_route=\/wp\/v2\/users\/1"}],"replies":[{"embeddable":true,"href":"https:\/\/pickup-on-tour.de\/index.php?rest_route=%2Fwp%2Fv2%2Fcomments&post=1929"}],"version-history":[{"count":12,"href":"https:\/\/pickup-on-tour.de\/index.php?rest_route=\/wp\/v2\/pages\/1929\/revisions"}],"predecessor-version":[{"id":2846,"href":"https:\/\/pickup-on-tour.de\/index.php?rest_route=\/wp\/v2\/pages\/1929\/revisions\/2846"}],"wp:attachment":[{"href":"https:\/\/pickup-on-tour.de\/index.php?rest_route=%2Fwp%2Fv2%2Fmedia&parent=1929"}],"curies":[{"name":"wp","href":"https:\/\/api.w.org\/{rel}","templated":true}]}}