{"id":173,"date":"2019-05-23T10:12:01","date_gmt":"2019-05-23T08:12:01","guid":{"rendered":"http:\/\/pickup-on-tour.de\/?page_id=173"},"modified":"2020-02-20T14:37:14","modified_gmt":"2020-02-20T13:37:14","slug":"zoom","status":"publish","type":"page","link":"https:\/\/pickup-on-tour.de\/?page_id=173","title":{"rendered":"Zoom"},"content":{"rendered":"<div class=\"flex_column av_one_full  flex_column_div av-zero-column-padding first  avia-builder-el-0  el_before_av_one_full  avia-builder-el-first  \" style='border-radius:0px; '><div  style='height:550px' class='hr hr-invisible   avia-builder-el-1  avia-builder-el-no-sibling '><span class='hr-inner ' ><span class='hr-inner-style'><\/span><\/span><\/div><\/div><div class=\"flex_column av_one_full  flex_column_div av-zero-column-padding first  avia-builder-el-2  el_after_av_one_full  el_before_av_one_full  column-top-margin\" style='border-radius:0px; '><section class=\"av_textblock_section \"  itemscope=\"itemscope\" itemtype=\"https:\/\/schema.org\/CreativeWork\" ><div class='avia_textblock   av-medium-font-size-overwrite av-medium-font-size-20 av-small-font-size-overwrite av-small-font-size-20 av-mini-font-size-overwrite av-mini-font-size-20'  style='font-size:20px; '  itemprop=\"text\" ><h3><span style=\"color: #000000;\">Zoom<\/span><\/h3>\n<p><span style=\"color: #000000;\">Da nach Knieverletzungen Fahrradfahren unm\u00f6glich wurde, musste ein alternatives Fahrzeug angeschafft werden.<\/span><\/p>\n<p><span style=\"color: #000000;\">Nach langer Suche und einer Probefahrt in den Niederlanden entschied ich mich f\u00fcr ein Allrad-E-Mobil der schwedischen Firma Zoomability.<\/span><\/p>\n<p><span style=\"color: #000000;\">Nach Anpassungen, Umbauten und Erstellung eines T\u00dcV-Gutachtens erhielt das Fahrzeug 2015 eine Betriebserlaubnis und konnte versichert werden.<\/span><\/p>\n<p><span style=\"color: #000000;\">Zoom Uphill ist ein Allrad-Fahrzeug, angetrieben von vier\u00a0 1-kW-Radnabenmotoren. Die Gel\u00e4ndeg\u00e4ngigkeit wird durch ein patentiertes Fahrwerk und Reifen mit Gel\u00e4ndeprofil erreicht. Best\u00fcckt mit vier 48 V \/ 10Ah LiFePO4-Akkus betr\u00e4gt die Reichweite bis zu 60 km bei max. 15 km\/h. Benutzt werden immer zwei Akkus parallel. Die zus\u00e4tzlichen zwei Akkus k\u00f6nnen leicht durch Umstecken der Anschlussstecker genutzt werden. \u00a0Die Akkus werden einfach eingeschoben und k\u00f6nnen gegen unbefugte Entnahme durch Schl\u00f6sser einzeln gesichert werden. Gebremst wir das Fahrzeug \u00fcber vier Hydraulische Scheibenbremsen. Bei einem Leergewicht von 100 kg liegt die Zuladung bei 110 kg.<\/span><\/p>\n<p><span style=\"color: #000000;\">Um mein Zoom im Urlaub und bei entfernteren Ausfl\u00fcgen nutzen zu k\u00f6nnen, wurde die Anschaffung eines Transportfahrzeugs erforderlich. \u00dcberlegungen zu Kombis oder SUVs wurden aus verschiedenen Gr\u00fcnden verworfen. Die Wahl fiel dann auf einen Pickup. So kam der Amarok zum Zug.<\/span><\/p>\n<\/div><\/section><\/div><\/p>\n<div class=\"flex_column av_one_full  flex_column_div av-zero-column-padding first  avia-builder-el-4  el_after_av_one_full  avia-builder-el-last  column-top-margin\" style='border-radius:0px; '><div  class='avia-image-container  av-styling-    avia-builder-el-5  avia-builder-el-no-sibling  avia-align-center '  itemprop=\"image\" itemscope=\"itemscope\" itemtype=\"https:\/\/schema.org\/ImageObject\"  ><div class='avia-image-container-inner'><div class='avia-image-overlay-wrap'><img class='avia_image' src='https:\/\/pickup-on-tour.de\/wp-content\/uploads\/2019\/05\/01312C90-D6C8-408B-B91A-6F331404713A.jpeg' alt='' title='01312C90-D6C8-408B-B91A-6F331404713A' height=\"1064\" width=\"1600\"  itemprop=\"thumbnailUrl\"  \/><\/div><\/div><\/div><\/div>\n","protected":false},"excerpt":{"rendered":"","protected":false},"author":1,"featured_media":0,"parent":0,"menu_order":0,"comment_status":"closed","ping_status":"closed","template":"","meta":{"footnotes":""},"_links":{"self":[{"href":"https:\/\/pickup-on-tour.de\/index.php?rest_route=\/wp\/v2\/pages\/173"}],"collection":[{"href":"https:\/\/pickup-on-tour.de\/index.php?rest_route=\/wp\/v2\/pages"}],"about":[{"href":"https:\/\/pickup-on-tour.de\/index.php?rest_route=\/wp\/v2\/types\/page"}],"author":[{"embeddable":true,"href":"https:\/\/pickup-on-tour.de\/index.php?rest_route=\/wp\/v2\/users\/1"}],"replies":[{"embeddable":true,"href":"https:\/\/pickup-on-tour.de\/index.php?rest_route=%2Fwp%2Fv2%2Fcomments&post=173"}],"version-history":[{"count":30,"href":"https:\/\/pickup-on-tour.de\/index.php?rest_route=\/wp\/v2\/pages\/173\/revisions"}],"predecessor-version":[{"id":2894,"href":"https:\/\/pickup-on-tour.de\/index.php?rest_route=\/wp\/v2\/pages\/173\/revisions\/2894"}],"wp:attachment":[{"href":"https:\/\/pickup-on-tour.de\/index.php?rest_route=%2Fwp%2Fv2%2Fmedia&parent=173"}],"curies":[{"name":"wp","href":"https:\/\/api.w.org\/{rel}","templated":true}]}}