{"id":167,"date":"2019-05-23T10:11:15","date_gmt":"2019-05-23T08:11:15","guid":{"rendered":"http:\/\/pickup-on-tour.de\/?page_id=167"},"modified":"2020-02-21T14:24:47","modified_gmt":"2020-02-21T13:24:47","slug":"amarok","status":"publish","type":"page","link":"https:\/\/pickup-on-tour.de\/?page_id=167","title":{"rendered":"Amarok"},"content":{"rendered":"<div class=\"flex_column av_one_full  flex_column_div av-zero-column-padding first  avia-builder-el-0  el_before_av_one_full  avia-builder-el-first  \" style='border-radius:0px; '><div  style='height:550px' class='hr hr-invisible   avia-builder-el-1  avia-builder-el-no-sibling '><span class='hr-inner ' ><span class='hr-inner-style'><\/span><\/span><\/div><\/div>\n<div class=\"flex_column av_one_full  flex_column_div av-zero-column-padding first  avia-builder-el-2  el_after_av_one_full  el_before_av_one_full  column-top-margin\" style='border-radius:0px; '><section class=\"av_textblock_section \"  itemscope=\"itemscope\" itemtype=\"https:\/\/schema.org\/CreativeWork\" ><div class='avia_textblock  '   itemprop=\"text\" ><h3><span style=\"color: #000000;\">Amarok<\/span><\/h3>\n<p style=\"text-align: left;\"><span style=\"color: #000000;\">Bei der Suche nach einem Transportfahrzeug f\u00fcr mein E-Mobil Zoom fiel nach reiflicher Abw\u00e4gung die Wahl auf einen 4 x 4 Pickup. Nach zwei Probefahrten entschied ich mich f\u00fcr einen VW-Amarok.<\/span><\/p>\n<p style=\"text-align: left;\"><span style=\"color: #000000;\">Amarok ist der Name eines gigantischen, alleine jagenden Wolfes in der Inuit-Mythologie<\/span><\/p>\n<p><span style=\"color: #000000;\">Seit M\u00e4rz 2017 begleitet mich nun ein Amarok V6 Highline. Sowohl als Transporter als auch als Zugmaschine \u00fcberzeugt er aufgrund seiner schieren Kraft verbunden mit einer 8-Gang-Automatik auf ganzer Linie.<\/span><\/p>\n<p><span style=\"color: #000000;\">Nach und nach wurden ein Heckklappend\u00e4mpfer, zwei Motorhaubenlifte und ein ausziehbarer Ladeboden montiert.<\/span><\/p>\n<p><span style=\"color: #000000;\">Um den Amarok mit meinen Zoom beladen zu k\u00f6nnen, schieden Auffahrrampen aus. Mit Hilfe meines Sohnes konstruierten wir einen handbetriebenen Kran. Er wurde auf die hinteren rechten Ecke des Ladebodens montiert, so dass eine Person das E-Fahrzeug laden kann. Noch Ladungssicherung. Klappen zu.\u00a0Fertig.\u00a0Abfahrt.<\/span><\/p>\n<\/div><\/section><\/div>\n<div class=\"flex_column av_one_full  flex_column_div av-zero-column-padding first  avia-builder-el-4  el_after_av_one_full  el_before_av_one_full  column-top-margin\" style='border-radius:0px; '><div  class='avia-image-container  av-styling-    avia-builder-el-5  avia-builder-el-no-sibling  avia-align-center '  itemprop=\"image\" itemscope=\"itemscope\" itemtype=\"https:\/\/schema.org\/ImageObject\"  ><div class='avia-image-container-inner'><div class='avia-image-overlay-wrap'><img class='avia_image' src='https:\/\/pickup-on-tour.de\/wp-content\/uploads\/2020\/02\/WeRokLogo4.png' alt='' title=''   itemprop=\"thumbnailUrl\"  \/><\/div><\/div><\/div><\/div><div class=\"flex_column av_one_full  flex_column_div av-zero-column-padding first  avia-builder-el-6  el_after_av_one_full  el_before_av_image  column-top-margin\" style='border-radius:0px; '><div  class='avia-image-container  av-styling-    avia-builder-el-7  avia-builder-el-no-sibling  avia-align-center '  itemprop=\"image\" itemscope=\"itemscope\" itemtype=\"https:\/\/schema.org\/ImageObject\"  ><div class='avia-image-container-inner'><div class='avia-image-overlay-wrap'><img class='avia_image' src='https:\/\/pickup-on-tour.de\/wp-content\/uploads\/2019\/05\/D8DF8D2B-B90F-4109-95E8-52AB098CFBFD.jpeg' alt='' title='D8DF8D2B-B90F-4109-95E8-52AB098CFBFD' height=\"1064\" width=\"1600\"  itemprop=\"thumbnailUrl\"  \/><\/div><\/div><\/div><\/div><\/p>\n<div  class='avia-image-container  av-styling-    avia-builder-el-8  el_after_av_one_full  el_before_av_image  avia-align-center '  itemprop=\"image\" itemscope=\"itemscope\" itemtype=\"https:\/\/schema.org\/ImageObject\"  ><div class='avia-image-container-inner'><div class='avia-image-overlay-wrap'><img class='avia_image' src='https:\/\/pickup-on-tour.de\/wp-content\/uploads\/2019\/05\/B1205342-D9F4-47F7-84AD-988DEC9DD40A.jpeg' alt='' title='B1205342-D9F4-47F7-84AD-988DEC9DD40A' height=\"1064\" width=\"1600\"  itemprop=\"thumbnailUrl\"  \/><\/div><\/div><\/div>\n<div  class='avia-image-container  av-styling-    avia-builder-el-9  el_after_av_image  el_before_av_image  avia-align-center '  itemprop=\"image\" itemscope=\"itemscope\" itemtype=\"https:\/\/schema.org\/ImageObject\"  ><div class='avia-image-container-inner'><div class='avia-image-overlay-wrap'><img class='avia_image' src='https:\/\/pickup-on-tour.de\/wp-content\/uploads\/2019\/05\/303260B8-FA35-4CE6-80ED-57D210E6F82A.jpeg' alt='' title='303260B8-FA35-4CE6-80ED-57D210E6F82A' height=\"1064\" width=\"1600\"  itemprop=\"thumbnailUrl\"  \/><\/div><\/div><\/div>\n<div  class='avia-image-container  av-styling-    avia-builder-el-10  el_after_av_image  avia-builder-el-last  avia-align-center '  itemprop=\"image\" itemscope=\"itemscope\" itemtype=\"https:\/\/schema.org\/ImageObject\"  ><div class='avia-image-container-inner'><div class='avia-image-overlay-wrap'><img class='avia_image' src='https:\/\/pickup-on-tour.de\/wp-content\/uploads\/2019\/05\/41D63A88-412E-41D6-B433-5D93B01874BB-e1581795822138.jpeg' alt='' title='41D63A88-412E-41D6-B433-5D93B01874BB' height=\"1200\" width=\"1600\"  itemprop=\"thumbnailUrl\"  \/><\/div><\/div><\/div>\n","protected":false},"excerpt":{"rendered":"","protected":false},"author":1,"featured_media":0,"parent":0,"menu_order":0,"comment_status":"closed","ping_status":"closed","template":"","meta":{"footnotes":""},"_links":{"self":[{"href":"https:\/\/pickup-on-tour.de\/index.php?rest_route=\/wp\/v2\/pages\/167"}],"collection":[{"href":"https:\/\/pickup-on-tour.de\/index.php?rest_route=\/wp\/v2\/pages"}],"about":[{"href":"https:\/\/pickup-on-tour.de\/index.php?rest_route=\/wp\/v2\/types\/page"}],"author":[{"embeddable":true,"href":"https:\/\/pickup-on-tour.de\/index.php?rest_route=\/wp\/v2\/users\/1"}],"replies":[{"embeddable":true,"href":"https:\/\/pickup-on-tour.de\/index.php?rest_route=%2Fwp%2Fv2%2Fcomments&post=167"}],"version-history":[{"count":41,"href":"https:\/\/pickup-on-tour.de\/index.php?rest_route=\/wp\/v2\/pages\/167\/revisions"}],"predecessor-version":[{"id":2904,"href":"https:\/\/pickup-on-tour.de\/index.php?rest_route=\/wp\/v2\/pages\/167\/revisions\/2904"}],"wp:attachment":[{"href":"https:\/\/pickup-on-tour.de\/index.php?rest_route=%2Fwp%2Fv2%2Fmedia&parent=167"}],"curies":[{"name":"wp","href":"https:\/\/api.w.org\/{rel}","templated":true}]}}