{"id":1446,"date":"2019-09-30T11:07:48","date_gmt":"2019-09-30T09:07:48","guid":{"rendered":"http:\/\/pickup-on-tour.de\/?page_id=1446"},"modified":"2020-02-18T15:55:01","modified_gmt":"2020-02-18T14:55:01","slug":"amarok-herbsttreffen-sep-2019-knuellwald","status":"publish","type":"page","link":"https:\/\/pickup-on-tour.de\/?page_id=1446","title":{"rendered":"Amarok Herbsttreffen Sep 2019 Kn\u00fcllwald"},"content":{"rendered":"<div class=\"flex_column av_one_full  flex_column_div av-zero-column-padding first  avia-builder-el-0  el_before_av_textblock  avia-builder-el-first  \" style='border-radius:0px; '><div  style='height:600px' class='hr hr-invisible   avia-builder-el-1  avia-builder-el-no-sibling '><span class='hr-inner ' ><span class='hr-inner-style'><\/span><\/span><\/div><\/div><section class=\"av_textblock_section \"  itemscope=\"itemscope\" itemtype=\"https:\/\/schema.org\/CreativeWork\" ><div class='avia_textblock  av_inherit_color '  style='color:#000000; '  itemprop=\"text\" ><h3><span style=\"color: #000000;\">Kn\u00fcllwald<\/span><\/h3>\n<p><span style=\"color: #000000;\">Freitag, den 26.09.2019 machte \u00a0ich mich mit Amarok und Nanuk auf den Weg nach \u00a0Kn\u00fcllwald Niederbeisheim. Dort fand das Amarok Herbsttreffen von 26. &#8211; 28.09.2019 auf dem Campingplatz &#8222;Am Bauernhof&#8220; statt.<\/span><\/p>\n<p><span style=\"color: #000000;\">Ideal mit einer gro\u00dfen Wiese f\u00fcr reichlich Fahrzeuge. So fanden sich ca. 18-20 Amaroks, ein Jeep, ein Toyota, ein Touran und ein Polo dort ein. \u00dcbernachtet wurde \u00fcberwiegend in Dachzelten, geschlafen wurde aber auch in Bodenzelten, auf der Ladefl\u00e4che oder der R\u00fcckbank. Vier Teilnehmer kamen mit einen Campingtrailer. Ein P\u00e4rchen hatte einen Amarok mit Aufsetzkabine.<\/span><\/p>\n<p><span style=\"color: #000000;\">Nachts war es mit Temperaturen unter 12\u00b0C doch recht k\u00fchl. Mit dem Luxus einer Gasheizung im Nanuk lies es sich recht gut aushalten.<\/span><\/p>\n<p><span style=\"color: #000000;\">Es gab reichlich Gelegenheit f\u00fcr Amarok-Talks und Besichtigungen von verschiedenen L\u00f6sungen f\u00fcr Reifen, Fahrwerk, Dachzelten, Beleuchtung und weiterer Ausr\u00fcstung. Abends dann am Lagerfeuer.<\/span><\/p>\n<p><span style=\"color: #000000;\">Die Organisatoren (Herzlichen Dank an Mario, Markus und Sebastian) sorgten morgens mit Br\u00f6tchen und R\u00fchrei f\u00fcr volle B\u00e4uche.<\/span><\/p>\n<p><span style=\"color: #000000;\">Wer wollte konnte sich am Samstag im Offroad Park &#8222;B\u00f6ser Wolf&#8220; \u00a0vergn\u00fcgen.<\/span><\/p>\n<p><span style=\"color: #000000;\">Sonntag vormittag bis mittag traten die Teilnehmer, ihre teilweise lange Heimreise an.<\/span><\/p>\n<p><span style=\"color: #000000;\">Rundherum eine gelungenen Veranstaltung.<\/span><\/p>\n<p><span style=\"color: #000000;\">Immer wieder gern.<\/span><\/p>\n<figure class=\"gallery-item\"><\/figure>\n<figure class=\"gallery-item\"><\/figure>\n<figure class=\"gallery-item\"><\/figure>\n<figure class=\"gallery-item\"><\/figure>\n<figure class=\"gallery-item\"><\/figure>\n<figure class=\"gallery-item\"><\/figure>\n<figure class=\"gallery-item\"><\/figure>\n<figure class=\"gallery-item\"><\/figure>\n<\/div><\/section><\/p>\n<div class=\"flex_column av_one_full  flex_column_div av-zero-column-padding first  avia-builder-el-3  el_after_av_textblock  el_before_av_one_full  column-top-margin\" style='border-radius:0px; '><p><div  class='avia-image-container  av-styling-    avia-builder-el-4  el_before_av_image  avia-builder-el-first  avia-align-center '  itemprop=\"image\" itemscope=\"itemscope\" itemtype=\"https:\/\/schema.org\/ImageObject\"  ><div class='avia-image-container-inner'><div class='avia-image-overlay-wrap'><img class='avia_image' src='https:\/\/pickup-on-tour.de\/wp-content\/uploads\/2020\/02\/Knuell-01.jpg' alt='' title='Knuell 01' height=\"1200\" width=\"1600\"  itemprop=\"thumbnailUrl\"  \/><\/div><\/div><\/div><br \/>\n<div  class='avia-image-container  av-styling-    avia-builder-el-5  el_after_av_image  avia-builder-el-last  avia-align-center '  itemprop=\"image\" itemscope=\"itemscope\" itemtype=\"https:\/\/schema.org\/ImageObject\"  ><div class='avia-image-container-inner'><div class='avia-image-overlay-wrap'><img class='avia_image' src='https:\/\/pickup-on-tour.de\/wp-content\/uploads\/2020\/02\/Knuell-02-1.jpg' alt='' title='Knuell 02' height=\"1200\" width=\"1600\"  itemprop=\"thumbnailUrl\"  \/><\/div><\/div><\/div><\/p><\/div>\n<div class=\"flex_column av_one_full  flex_column_div av-zero-column-padding first  avia-builder-el-6  el_after_av_one_full  el_before_av_one_full  column-top-margin\" style='border-radius:0px; '><div  class='avia-image-container  av-styling-    avia-builder-el-7  avia-builder-el-no-sibling  avia-align-center '  itemprop=\"image\" itemscope=\"itemscope\" itemtype=\"https:\/\/schema.org\/ImageObject\"  ><div class='avia-image-container-inner'><div class='avia-image-overlay-wrap'><img class='avia_image' src='https:\/\/pickup-on-tour.de\/wp-content\/uploads\/2020\/02\/Knuell-03-1.jpg' alt='' title='Knuell 03' height=\"1200\" width=\"1600\"  itemprop=\"thumbnailUrl\"  \/><\/div><\/div><\/div><\/div>\n<div class=\"flex_column av_one_full  flex_column_div av-zero-column-padding first  avia-builder-el-8  el_after_av_one_full  el_before_av_one_full  column-top-margin\" style='border-radius:0px; '><div  class='avia-image-container  av-styling-    avia-builder-el-9  avia-builder-el-no-sibling  avia-align-center '  itemprop=\"image\" itemscope=\"itemscope\" itemtype=\"https:\/\/schema.org\/ImageObject\"  ><div class='avia-image-container-inner'><div class='avia-image-overlay-wrap'><img class='avia_image' src='https:\/\/pickup-on-tour.de\/wp-content\/uploads\/2020\/02\/Knuell-06-1.jpg' alt='' title='Knuell 06' height=\"1200\" width=\"1600\"  itemprop=\"thumbnailUrl\"  \/><\/div><\/div><\/div><\/div>\n<div class=\"flex_column av_one_full  flex_column_div av-zero-column-padding first  avia-builder-el-10  el_after_av_one_full  el_before_av_one_full  column-top-margin\" style='border-radius:0px; '><div  class='avia-image-container  av-styling-    avia-builder-el-11  avia-builder-el-no-sibling  avia-align-center '  itemprop=\"image\" itemscope=\"itemscope\" itemtype=\"https:\/\/schema.org\/ImageObject\"  ><div class='avia-image-container-inner'><div class='avia-image-overlay-wrap'><img class='avia_image' src='https:\/\/pickup-on-tour.de\/wp-content\/uploads\/2020\/02\/Knuell-04-1.jpg' alt='' title='Knuell 04' height=\"1200\" width=\"1600\"  itemprop=\"thumbnailUrl\"  \/><\/div><\/div><\/div><\/div>\n<div class=\"flex_column av_one_full  flex_column_div av-zero-column-padding first  avia-builder-el-12  el_after_av_one_full  el_before_av_one_full  column-top-margin\" style='border-radius:0px; '><div  class='avia-image-container  av-styling-    avia-builder-el-13  avia-builder-el-no-sibling  avia-align-center '  itemprop=\"image\" itemscope=\"itemscope\" itemtype=\"https:\/\/schema.org\/ImageObject\"  ><div class='avia-image-container-inner'><div class='avia-image-overlay-wrap'><img class='avia_image' src='https:\/\/pickup-on-tour.de\/wp-content\/uploads\/2020\/02\/Knuell-05-1.jpg' alt='' title='Knuell 05' height=\"1200\" width=\"1600\"  itemprop=\"thumbnailUrl\"  \/><\/div><\/div><\/div><\/div>\n<div class=\"flex_column av_one_full  flex_column_div av-zero-column-padding first  avia-builder-el-14  el_after_av_one_full  el_before_av_one_full  column-top-margin\" style='border-radius:0px; '><div  class='avia-image-container  av-styling-    avia-builder-el-15  avia-builder-el-no-sibling  avia-align-center '  itemprop=\"image\" itemscope=\"itemscope\" itemtype=\"https:\/\/schema.org\/ImageObject\"  ><div class='avia-image-container-inner'><div class='avia-image-overlay-wrap'><img class='avia_image' src='https:\/\/pickup-on-tour.de\/wp-content\/uploads\/2020\/02\/Knuell-07-1.jpg' alt='' title='Knuell 07' height=\"1067\" width=\"1600\"  itemprop=\"thumbnailUrl\"  \/><\/div><\/div><\/div><\/div>\n<div class=\"flex_column av_one_full  flex_column_div av-zero-column-padding first  avia-builder-el-16  el_after_av_one_full  avia-builder-el-last  column-top-margin\" style='border-radius:0px; '><div  class='avia-image-container  av-styling-    avia-builder-el-17  avia-builder-el-no-sibling  avia-align-center '  itemprop=\"image\" itemscope=\"itemscope\" itemtype=\"https:\/\/schema.org\/ImageObject\"  ><div class='avia-image-container-inner'><div class='avia-image-overlay-wrap'><img class='avia_image' src='https:\/\/pickup-on-tour.de\/wp-content\/uploads\/2020\/02\/Knuell-08.jpg' alt='' title='Knuell 08' height=\"1067\" width=\"1600\"  itemprop=\"thumbnailUrl\"  \/><\/div><\/div><\/div><\/div>\n","protected":false},"excerpt":{"rendered":"","protected":false},"author":1,"featured_media":0,"parent":0,"menu_order":0,"comment_status":"closed","ping_status":"closed","template":"","meta":{"footnotes":""},"_links":{"self":[{"href":"https:\/\/pickup-on-tour.de\/index.php?rest_route=\/wp\/v2\/pages\/1446"}],"collection":[{"href":"https:\/\/pickup-on-tour.de\/index.php?rest_route=\/wp\/v2\/pages"}],"about":[{"href":"https:\/\/pickup-on-tour.de\/index.php?rest_route=\/wp\/v2\/types\/page"}],"author":[{"embeddable":true,"href":"https:\/\/pickup-on-tour.de\/index.php?rest_route=\/wp\/v2\/users\/1"}],"replies":[{"embeddable":true,"href":"https:\/\/pickup-on-tour.de\/index.php?rest_route=%2Fwp%2Fv2%2Fcomments&post=1446"}],"version-history":[{"count":29,"href":"https:\/\/pickup-on-tour.de\/index.php?rest_route=\/wp\/v2\/pages\/1446\/revisions"}],"predecessor-version":[{"id":2716,"href":"https:\/\/pickup-on-tour.de\/index.php?rest_route=\/wp\/v2\/pages\/1446\/revisions\/2716"}],"wp:attachment":[{"href":"https:\/\/pickup-on-tour.de\/index.php?rest_route=%2Fwp%2Fv2%2Fmedia&parent=1446"}],"curies":[{"name":"wp","href":"https:\/\/api.w.org\/{rel}","templated":true}]}}