{"id":1392,"date":"2019-07-08T17:12:02","date_gmt":"2019-07-08T17:12:02","guid":{"rendered":"http:\/\/pickup-on-tour.de\/?page_id=1392"},"modified":"2020-02-16T16:33:31","modified_gmt":"2020-02-16T15:33:31","slug":"aegypten-oktober-2004","status":"publish","type":"page","link":"https:\/\/pickup-on-tour.de\/?page_id=1392","title":{"rendered":"\u00c4gypten 2004"},"content":{"rendered":"<div class=\"flex_column av_one_full  flex_column_div av-zero-column-padding first  avia-builder-el-0  el_before_av_hr  avia-builder-el-first  \" style='border-radius:0px; '><section class=\"av_textblock_section \"  itemscope=\"itemscope\" itemtype=\"https:\/\/schema.org\/CreativeWork\" ><div class='avia_textblock  av_inherit_color '  style='font-size:14px; color:#000000; '  itemprop=\"text\" ><h1>\u00c4gypten Nov 2004<\/h1>\n<p>Um meinen SCR-Rebreather \u201eDr\u00e4ger Dolphin\u201c nicht nur in Talsperren zu nutzen, wuchs der Wunsch mit ihm in \u00c4gypten im Roten Meer zu tauchen. Da mein Tauchfreund Thorsten Interesse an einen CCR-Rebreather-Kurs mit einem Buddy Inspiration hatte, planten wir dies gemeinsam zu tun.<\/p>\n<p>Wir entschieden uns f\u00fcr die Tec-Basis ORCA Dive Club mit dem ORCA Village, direkt in einer Bucht mit flachem Sandstrand n\u00f6rdlich von Safaga, 50 Fahrminuten s\u00fcdlich von Hurghada. Da ich 1999 meine Tl 2-Praxispr\u00fcfung und 2000 meine SCR-Rebreather-Instructor-Pr\u00fcfung dort absolviert hatte, und 1996 mit Freunden aus meinen Tauchverein in einem benachbarten Hotel waren, kannte ich die Tauchspots dort gut.<\/p>\n<p>Bei t\u00e4glichen Tauchausfahrten lernte Thorsten das Rebreather-Tauchen und ich mein Dolphin n\u00e4her kennen. So erkundeten wir Innenriffe, die Aussenriffe und ein Schiffswrack. Einfach super!<br \/>\nNach einer Woche nutzten wir eine Tauchpause f\u00fcr eine Trip nach Luxor am Nil und besuchten Tempel und das Tal der K\u00f6nige in Theben. Sehr Beeindruckend!<br \/>\nNach 2 Wochen ging unser Urlaub zu Ende und es auch wurde mit zunehmendem k\u00fchlem Wind ungem\u00fctlicher. So flogen wir sehr zufrieden unserer herbstlichen Heimat entgegen.<\/p>\n<\/div><\/section><\/div><div   class='hr hr-default   avia-builder-el-2  el_after_av_one_full  el_before_av_heading '><span class='hr-inner ' ><span class='hr-inner-style'><\/span><\/span><\/div><\/p>\n<div  style='padding-bottom:10px; ' class='av-special-heading av-special-heading-h3    avia-builder-el-3  el_after_av_hr  avia-builder-el-last  '><h3 class='av-special-heading-tag '  itemprop=\"headline\"  >Eine nette \u00dcberschrift<\/h3><div class='special-heading-border'><div class='special-heading-inner-border' ><\/div><\/div><\/div>\n","protected":false},"excerpt":{"rendered":"","protected":false},"author":1,"featured_media":0,"parent":0,"menu_order":0,"comment_status":"closed","ping_status":"closed","template":"","meta":{"footnotes":""},"_links":{"self":[{"href":"https:\/\/pickup-on-tour.de\/index.php?rest_route=\/wp\/v2\/pages\/1392"}],"collection":[{"href":"https:\/\/pickup-on-tour.de\/index.php?rest_route=\/wp\/v2\/pages"}],"about":[{"href":"https:\/\/pickup-on-tour.de\/index.php?rest_route=\/wp\/v2\/types\/page"}],"author":[{"embeddable":true,"href":"https:\/\/pickup-on-tour.de\/index.php?rest_route=\/wp\/v2\/users\/1"}],"replies":[{"embeddable":true,"href":"https:\/\/pickup-on-tour.de\/index.php?rest_route=%2Fwp%2Fv2%2Fcomments&post=1392"}],"version-history":[{"count":27,"href":"https:\/\/pickup-on-tour.de\/index.php?rest_route=\/wp\/v2\/pages\/1392\/revisions"}],"predecessor-version":[{"id":2697,"href":"https:\/\/pickup-on-tour.de\/index.php?rest_route=\/wp\/v2\/pages\/1392\/revisions\/2697"}],"wp:attachment":[{"href":"https:\/\/pickup-on-tour.de\/index.php?rest_route=%2Fwp%2Fv2%2Fmedia&parent=1392"}],"curies":[{"name":"wp","href":"https:\/\/api.w.org\/{rel}","templated":true}]}}