{"id":1096,"date":"2019-06-17T20:27:41","date_gmt":"2019-06-17T18:27:41","guid":{"rendered":"http:\/\/pickup-on-tour.de\/?page_id=1096"},"modified":"2020-02-18T16:01:11","modified_gmt":"2020-02-18T15:01:11","slug":"indonesien-2005","status":"publish","type":"page","link":"https:\/\/pickup-on-tour.de\/?page_id=1096","title":{"rendered":"Indonesien 2005"},"content":{"rendered":"<div class=\"flex_column av_one_full  flex_column_div av-zero-column-padding first  avia-builder-el-0  el_before_av_textblock  avia-builder-el-first  \" style='border-radius:0px; '><div  style='height:600px' class='hr hr-invisible   avia-builder-el-1  avia-builder-el-no-sibling '><span class='hr-inner ' ><span class='hr-inner-style'><\/span><\/span><\/div><\/div><section class=\"av_textblock_section \"  itemscope=\"itemscope\" itemtype=\"https:\/\/schema.org\/CreativeWork\" ><div class='avia_textblock  '   itemprop=\"text\" ><p>Wir, 12 Taucherinnen und Taucher des UWSC machten uns auf den Weg zum Komodonationalpark, welchen wir an Bord der Aadelar erkundeten. Neben spektakul\u00e4ren, teilweise aufgrund von Str\u00f6mungen auch anspruchsvollen Tauchspots besuchten wir Komodo. Bekannt f\u00fcr das Vorkommen von gro\u00dfen Waranen unternahmen wir mit einem F\u00fchrer eine mehrst\u00fcndige Tour \u00fcber die Insel. Leider hatten wir kein Gl\u00fcck und bekamen keine der Echsen vor die Linse. Erst an der Rangerstation konnten wir Fotos von den beeindruckenden und Furcht einfl\u00f6\u00dfenden Tieren &#8222;schie\u00dfen&#8220;.<\/p>\n<p>Leider verging die Zeit zu schnell. Wir liefen einen Hafen auf Bali an und gingen an Land. Da es f\u00fcr eine Weiterfahrt zur Nordk\u00fcste der Insel zu sp\u00e4t war, \u00fcbernachteten wir in der <i>Villa Nympene<\/i> in Denpasar. Am n\u00e4chsten Tag erreichten wir unser Ziel, das Alam Anda Resort, welches uns von 2001 bekannt war. Hier trafen wir f\u00fcnf nichttauchende Mitteisende, die uns nach einem mehrt\u00e4gigen Stopp over in Hongkong erwarteten. Weitere Tauchg\u00e4nge unter anderem an der <i>Liberty<\/i> vor Tulamben machten diesen Tauchurlaub zu einem gro\u00dfartigen Erlebnis&#8230;&#8230;.<\/p>\n<\/div><\/section><\/p>\n","protected":false},"excerpt":{"rendered":"","protected":false},"author":1,"featured_media":566,"parent":0,"menu_order":0,"comment_status":"closed","ping_status":"closed","template":"","meta":{"footnotes":""},"_links":{"self":[{"href":"https:\/\/pickup-on-tour.de\/index.php?rest_route=\/wp\/v2\/pages\/1096"}],"collection":[{"href":"https:\/\/pickup-on-tour.de\/index.php?rest_route=\/wp\/v2\/pages"}],"about":[{"href":"https:\/\/pickup-on-tour.de\/index.php?rest_route=\/wp\/v2\/types\/page"}],"author":[{"embeddable":true,"href":"https:\/\/pickup-on-tour.de\/index.php?rest_route=\/wp\/v2\/users\/1"}],"replies":[{"embeddable":true,"href":"https:\/\/pickup-on-tour.de\/index.php?rest_route=%2Fwp%2Fv2%2Fcomments&post=1096"}],"version-history":[{"count":23,"href":"https:\/\/pickup-on-tour.de\/index.php?rest_route=\/wp\/v2\/pages\/1096\/revisions"}],"predecessor-version":[{"id":2724,"href":"https:\/\/pickup-on-tour.de\/index.php?rest_route=\/wp\/v2\/pages\/1096\/revisions\/2724"}],"wp:featuredmedia":[{"embeddable":true,"href":"https:\/\/pickup-on-tour.de\/index.php?rest_route=\/wp\/v2\/media\/566"}],"wp:attachment":[{"href":"https:\/\/pickup-on-tour.de\/index.php?rest_route=%2Fwp%2Fv2%2Fmedia&parent=1096"}],"curies":[{"name":"wp","href":"https:\/\/api.w.org\/{rel}","templated":true}]}}